{"id":3164,"date":"2016-03-16T17:14:45","date_gmt":"2016-03-16T16:14:45","guid":{"rendered":"http:\/\/www.presented.de\/rdels16\/?page_id=3164"},"modified":"2016-04-01T17:05:35","modified_gmt":"2016-04-01T16:05:35","slug":"altersbeschraenkungen","status":"publish","type":"page","link":"https:\/\/www.presented.de\/rdels16\/altersbeschraenkungen\/","title":{"rendered":"Altersbeschr\u00e4nkungen"},"content":{"rendered":"<p><strong>Altersbeschr\u00e4nkung Festival \/ Camping<br \/>\n<\/strong><\/p>\n<div align=\"justify\">Wir empfehlen aufgrund der erheblichen Lautst\u00e4rke-Belastung Kinder unter 10 Jahren nicht auf das Festival mitzunehmen.<br \/>\nDie Teilnahme von Jugendlichen am Festival wird aufgrund des Personensorgerechts von den Eltern bestimmt. Laut dem B\u00fcrgerlichen Gesetzbuch (BGB) haben die Eltern die Pflicht und das Recht, f\u00fcr das minderj\u00e4hrige Kind (unter 18 Jahren) zu sorgen. Detaillierte Vorgaben werden gesetzlich nicht getroffen. Letztlich treffen die Eltern die Entscheidung \u00fcber die Anreise, die Teilnahme und den weiteren Aufenthalt am Festival. Um als minderj\u00e4hriger Besucher sicherzustellen, dass von Seiten des Veranstalters kein Verweis vom Festival \/ Camping<\/div>\n<p>&nbsp;<\/p>\n<div align=\"justify\">aufgrund des Alters erfolgt, bitten wir eine Teilnahmeerlaubnis von den Eltern zu erteilen. Ein Muster steht &gt; <a href=\"\/files\/4c28f2bee85ee.pdf\" target=\"_blank\">hier<\/a> &lt; als PDF bereit. Bitte f\u00fcllen Sie dieses Schreiben aus und geben Sie es ihrem Kind mit.Weiterhin gelten die Beschr\u00e4nkungen f\u00fcr die Ausgabe und den Verzehr alkoholischer Getr\u00e4nke und f\u00fcr die Ausgabe von Tabakwaren und das Rauchen. Bei einer Jugendschutzkontrolle werden angetrunkene oder rauchende Kinder und Jugendliche nach Hause geschickt.<\/p>\n<\/div>\n<p><\/p>","protected":false},"excerpt":{"rendered":"<p>Altersbeschr\u00e4nkung Festival \/ Camping Wir empfehlen aufgrund der erheblichen Lautst\u00e4rke-Belastung Kinder unter 10 Jahren nicht auf das Festival mitzunehmen. Die Teilnahme von Jugendlichen am Festival wird aufgrund des Personensorgerechts von den Eltern bestimmt. Laut dem B\u00fcrgerlichen Gesetzbuch (BGB) haben die Eltern die Pflicht und das Recht, f\u00fcr das minderj\u00e4hrige Kind (unter 18 Jahren) zu sorgen. [&hellip;]<\/p>\n","protected":false},"author":2,"featured_media":0,"parent":0,"menu_order":0,"comment_status":"closed","ping_status":"closed","template":"","meta":{"ngg_post_thumbnail":0,"footnotes":""},"class_list":["post-3164","page","type-page","status-publish","hentry"],"_links":{"self":[{"href":"https:\/\/www.presented.de\/rdels16\/wp-json\/wp\/v2\/pages\/3164","targetHints":{"allow":["GET"]}}],"collection":[{"href":"https:\/\/www.presented.de\/rdels16\/wp-json\/wp\/v2\/pages"}],"about":[{"href":"https:\/\/www.presented.de\/rdels16\/wp-json\/wp\/v2\/types\/page"}],"author":[{"embeddable":true,"href":"https:\/\/www.presented.de\/rdels16\/wp-json\/wp\/v2\/users\/2"}],"replies":[{"embeddable":true,"href":"https:\/\/www.presented.de\/rdels16\/wp-json\/wp\/v2\/comments?post=3164"}],"version-history":[{"count":3,"href":"https:\/\/www.presented.de\/rdels16\/wp-json\/wp\/v2\/pages\/3164\/revisions"}],"predecessor-version":[{"id":3199,"href":"https:\/\/www.presented.de\/rdels16\/wp-json\/wp\/v2\/pages\/3164\/revisions\/3199"}],"wp:attachment":[{"href":"https:\/\/www.presented.de\/rdels16\/wp-json\/wp\/v2\/media?parent=3164"}],"curies":[{"name":"wp","href":"https:\/\/api.w.org\/{rel}","templated":true}]}}